{"id":103,"date":"2021-10-18T11:31:34","date_gmt":"2021-10-18T11:31:34","guid":{"rendered":"https:\/\/esd.internetwensen.nl\/de\/?page_id=103"},"modified":"2021-10-19T07:19:57","modified_gmt":"2021-10-19T07:19:57","slug":"praktikum-abschluss","status":"publish","type":"page","link":"https:\/\/www.esd-sic.nl\/de\/karriere\/praktikum-abschluss\/","title":{"rendered":"Praktikum \/ Abschluss"},"content":{"rendered":"<h2>Wir haben regelm\u00e4\u00dfig Pl\u00e4tze f\u00fcr Praktikanten, die eine technische Berufsausbildung (MBO) oder eine Ausbildung in Verfahrenstechnik wie Vapro oder Allround-Betriebstechniker (AOT) absolviert haben.<\/h2>\n<p>ESD-SIC ist Mitglied der Support AOT Noord Foundation, einer Initiative der technischen Branche im Norden der Niederlande. In dieser Stiftung arbeiten wir mit Bildungs- und Fachkr\u00e4ften in der Rekrutierung und Auswahl zusammen. Eine der Bildungseinrichtungen, das Noorderpoort College in Delfzijl, bietet Kurse f\u00fcr Allround-Betriebstechniker an. ESD-SIC ist ein anerkannter Ausbildungsbetrieb f\u00fcr diesen Studiengang, und wir bieten Praktika in unserer Abteilung Prozesssteuerung an.<\/p>\n<p>Dar\u00fcber hinaus bieten wir Praktika und Abschlussarbeiten f\u00fcr HBO-Studenten (Higher Professional Education) in Chemietechnik, Wirtschaftsingenieurwesen, Elektrotechnik etc. an.<\/p>\n<p>Bei Interesse senden Sie bitte eine Nachricht an:<\/p>\n<p><a href=\"mailto:HR@esd-sic.nl\" target=\"_blank\" rel=\"noopener\">HR@esd-sic.nl<\/a><\/p>\n","protected":false},"excerpt":{"rendered":"<p>Wir haben regelm\u00e4\u00dfig Pl\u00e4tze f\u00fcr Praktikanten, die eine technische Berufsausbildung (MBO) oder eine Ausbildung in Verfahrenstechnik wie Vapro oder Allround-Betriebstechniker (AOT) absolviert haben. ESD-SIC ist Mitglied der Support AOT Noord Foundation, einer Initiative der technischen Branche im Norden der Niederlande. In dieser Stiftung arbeiten wir mit Bildungs- und Fachkr\u00e4ften in der Rekrutierung und Auswahl zusammen. [&hellip;]<\/p>\n","protected":false},"author":2,"featured_media":0,"parent":99,"menu_order":0,"comment_status":"closed","ping_status":"closed","template":"","meta":{"_acf_changed":false,"footnotes":""},"class_list":["post-103","page","type-page","status-publish","hentry"],"acf":[],"_links":{"self":[{"href":"https:\/\/www.esd-sic.nl\/de\/wp-json\/wp\/v2\/pages\/103","targetHints":{"allow":["GET"]}}],"collection":[{"href":"https:\/\/www.esd-sic.nl\/de\/wp-json\/wp\/v2\/pages"}],"about":[{"href":"https:\/\/www.esd-sic.nl\/de\/wp-json\/wp\/v2\/types\/page"}],"author":[{"embeddable":true,"href":"https:\/\/www.esd-sic.nl\/de\/wp-json\/wp\/v2\/users\/2"}],"replies":[{"embeddable":true,"href":"https:\/\/www.esd-sic.nl\/de\/wp-json\/wp\/v2\/comments?post=103"}],"version-history":[{"count":4,"href":"https:\/\/www.esd-sic.nl\/de\/wp-json\/wp\/v2\/pages\/103\/revisions"}],"predecessor-version":[{"id":217,"href":"https:\/\/www.esd-sic.nl\/de\/wp-json\/wp\/v2\/pages\/103\/revisions\/217"}],"up":[{"embeddable":true,"href":"https:\/\/www.esd-sic.nl\/de\/wp-json\/wp\/v2\/pages\/99"}],"wp:attachment":[{"href":"https:\/\/www.esd-sic.nl\/de\/wp-json\/wp\/v2\/media?parent=103"}],"curies":[{"name":"wp","href":"https:\/\/api.w.org\/{rel}","templated":true}]}}