{"id":107,"date":"2021-10-18T11:33:37","date_gmt":"2021-10-18T11:33:37","guid":{"rendered":"https:\/\/esd.internetwensen.nl\/de\/?page_id=107"},"modified":"2021-10-19T08:08:45","modified_gmt":"2021-10-19T08:08:45","slug":"berufsbildungswege","status":"publish","type":"page","link":"https:\/\/www.esd-sic.nl\/de\/karriere\/berufsbildungswege\/","title":{"rendered":"Berufsbildungswege"},"content":{"rendered":"<h2>ESD-SIC bietet auch die M\u00f6glichkeit, einer BBL-Ausbildungsweg (Allround-Betriebstechniker\/in, Maschinist\/in B\/C) zu durchlaufen.<\/h2>\n<p>Wenn Sie \u00fcber eine gute Portion Unabh\u00e4ngigkeit und Initiative verf\u00fcgen, bietet ESD-SIC m\u00f6glicherweise eine gro\u00dfe Chance f\u00fcr Sie. Als Auszubildender f\u00fcr unsere Verfahrensleittechnik sind Sie und Ihre Kollegen f\u00fcr die Bedienung, Kontrolle und Einstellung der Ofen- und Versorgungsprozesse verantwortlich.<\/p>\n<p>Interessiert? Bewerben Sie sich direkt als Auszubildender bei ESD-SIC. Gerne besprechen wir mit Ihnen die M\u00f6glichkeiten. Nehmen Sie Kontakt mit uns auf:<\/p>\n<p>HR@esd-sic.nl<\/p>\n","protected":false},"excerpt":{"rendered":"<p>ESD-SIC bietet auch die M\u00f6glichkeit, einer BBL-Ausbildungsweg (Allround-Betriebstechniker\/in, Maschinist\/in B\/C) zu durchlaufen. Wenn Sie \u00fcber eine gute Portion Unabh\u00e4ngigkeit und Initiative verf\u00fcgen, bietet ESD-SIC m\u00f6glicherweise eine gro\u00dfe Chance f\u00fcr Sie. Als Auszubildender f\u00fcr unsere Verfahrensleittechnik sind Sie und Ihre Kollegen f\u00fcr die Bedienung, Kontrolle und Einstellung der Ofen- und Versorgungsprozesse verantwortlich. Interessiert? Bewerben Sie sich [&hellip;]<\/p>\n","protected":false},"author":2,"featured_media":0,"parent":99,"menu_order":0,"comment_status":"closed","ping_status":"closed","template":"","meta":{"_acf_changed":false,"footnotes":""},"class_list":["post-107","page","type-page","status-publish","hentry"],"acf":[],"_links":{"self":[{"href":"https:\/\/www.esd-sic.nl\/de\/wp-json\/wp\/v2\/pages\/107","targetHints":{"allow":["GET"]}}],"collection":[{"href":"https:\/\/www.esd-sic.nl\/de\/wp-json\/wp\/v2\/pages"}],"about":[{"href":"https:\/\/www.esd-sic.nl\/de\/wp-json\/wp\/v2\/types\/page"}],"author":[{"embeddable":true,"href":"https:\/\/www.esd-sic.nl\/de\/wp-json\/wp\/v2\/users\/2"}],"replies":[{"embeddable":true,"href":"https:\/\/www.esd-sic.nl\/de\/wp-json\/wp\/v2\/comments?post=107"}],"version-history":[{"count":4,"href":"https:\/\/www.esd-sic.nl\/de\/wp-json\/wp\/v2\/pages\/107\/revisions"}],"predecessor-version":[{"id":262,"href":"https:\/\/www.esd-sic.nl\/de\/wp-json\/wp\/v2\/pages\/107\/revisions\/262"}],"up":[{"embeddable":true,"href":"https:\/\/www.esd-sic.nl\/de\/wp-json\/wp\/v2\/pages\/99"}],"wp:attachment":[{"href":"https:\/\/www.esd-sic.nl\/de\/wp-json\/wp\/v2\/media?parent=107"}],"curies":[{"name":"wp","href":"https:\/\/api.w.org\/{rel}","templated":true}]}}