{"id":113,"date":"2021-10-18T11:37:35","date_gmt":"2021-10-18T11:37:35","guid":{"rendered":"https:\/\/esd.internetwensen.nl\/de\/?page_id=113"},"modified":"2021-10-18T13:40:18","modified_gmt":"2021-10-18T13:40:18","slug":"unternehmensrichtlinien","status":"publish","type":"page","link":"https:\/\/www.esd-sic.nl\/de\/unternehmen\/unternehmensrichtlinien\/","title":{"rendered":"Unternehmensrichtlinien"},"content":{"rendered":"<h2>Vision<\/h2>\n<p><strong><em>\u201eAls der zuverl\u00e4ssigste, umweltfreundlichste und energieeffizienteste SiC-Hersteller der Welt m\u00f6chte ESD-SIC ein guter Nachbar sein und seine Produktion sozial verantwortlich betreiben, indem es Gesch\u00e4ftsprozesse in Bezug auf Umwelt und Klima und Sicherheit weiter optimiert und laufend modernisiert.\u201c<\/em><\/strong><\/p>\n","protected":false},"excerpt":{"rendered":"<p>Vision \u201eAls der zuverl\u00e4ssigste, umweltfreundlichste und energieeffizienteste SiC-Hersteller der Welt m\u00f6chte ESD-SIC ein guter Nachbar sein und seine Produktion sozial verantwortlich betreiben, indem es Gesch\u00e4ftsprozesse in Bezug auf Umwelt und Klima und Sicherheit weiter optimiert und laufend modernisiert.\u201c<\/p>\n","protected":false},"author":2,"featured_media":0,"parent":109,"menu_order":1,"comment_status":"closed","ping_status":"closed","template":"","meta":{"_acf_changed":false,"footnotes":""},"class_list":["post-113","page","type-page","status-publish","hentry"],"acf":[],"_links":{"self":[{"href":"https:\/\/www.esd-sic.nl\/de\/wp-json\/wp\/v2\/pages\/113","targetHints":{"allow":["GET"]}}],"collection":[{"href":"https:\/\/www.esd-sic.nl\/de\/wp-json\/wp\/v2\/pages"}],"about":[{"href":"https:\/\/www.esd-sic.nl\/de\/wp-json\/wp\/v2\/types\/page"}],"author":[{"embeddable":true,"href":"https:\/\/www.esd-sic.nl\/de\/wp-json\/wp\/v2\/users\/2"}],"replies":[{"embeddable":true,"href":"https:\/\/www.esd-sic.nl\/de\/wp-json\/wp\/v2\/comments?post=113"}],"version-history":[{"count":4,"href":"https:\/\/www.esd-sic.nl\/de\/wp-json\/wp\/v2\/pages\/113\/revisions"}],"predecessor-version":[{"id":189,"href":"https:\/\/www.esd-sic.nl\/de\/wp-json\/wp\/v2\/pages\/113\/revisions\/189"}],"up":[{"embeddable":true,"href":"https:\/\/www.esd-sic.nl\/de\/wp-json\/wp\/v2\/pages\/109"}],"wp:attachment":[{"href":"https:\/\/www.esd-sic.nl\/de\/wp-json\/wp\/v2\/media?parent=113"}],"curies":[{"name":"wp","href":"https:\/\/api.w.org\/{rel}","templated":true}]}}