{"id":115,"date":"2021-10-18T11:38:22","date_gmt":"2021-10-18T11:38:22","guid":{"rendered":"https:\/\/esd.internetwensen.nl\/de\/?page_id=115"},"modified":"2021-12-21T07:20:22","modified_gmt":"2021-12-21T07:20:22","slug":"zertifikate","status":"publish","type":"page","link":"https:\/\/www.esd-sic.nl\/de\/unternehmen\/zertifikate\/","title":{"rendered":"Zertifikate"},"content":{"rendered":"<h2>ISO 9001<\/h2>\n<p>Qualit\u00e4tsmanagementsystem<\/p>\n<h2>ISO 14001<\/h2>\n<p>Umweltmanagementsystem<\/p>\n<h2>ISO 26000<\/h2>\n<p>ESD-SIC hat sich auch zum Ziel gesetzt, die Leistungsleiter nach ISO 26000 \u201eLeitfaden zur gesellschaftlichen Verantwortung\u201c in seinem Managementsystem umzusetzen Dies spiegelt perfekt die Nachhaltigkeitsinitiativen wider, die ESD-SIC gestartet hat.<\/p>\n<h2>ISO 45001<\/h2>\n<p>Um die Leistung im Bereich der Sicherheit kontinuierlich zu verbessern und gesunde und sichere Arbeitspraktiken zu f\u00f6rdern, hat ESD-SIC au\u00dferdem sein Managementsystem nach der neuesten ISO-Norm 45001 f\u00fcr gesundes und sicheres Arbeiten eingerichtet. ESD-SIC beabsichtigt, dieses System im Jahr 2022 zertifizieren zu lassen.<\/p>\n<h2>ISO 50001<\/h2>\n<p>Energiemanagementsystem.<br \/>\nVerantwortungsvoller Umgang<br \/>\nAls engagiertes Mitglied des K\u00f6niglichen Verbandes der Niederl\u00e4ndischen Chemischen Industrie (VNCI) setzt ESD-SIC seine Politik teilweise auf der Grundlage der vom Verband festgelegten Kriterien um. Dies spiegelt sich im \u201eResponsible Care\u201c-Logo wider. (<a href=\"https:\/\/www.esd-sic.nl\/de\/wp-content\/uploads\/sites\/3\/2021\/12\/Zertifikat-ISO-50001_2018-ger.pdf\" target=\"_blank\" rel=\"noopener\">Download pdf file<\/a>)<\/p>\n<h2>REACH<\/h2>\n<p>Unser SiC ist gem\u00e4\u00df den REACH-Umwelt- und Sicherheitsrichtlinien registriert. Granulares SiC ist als ungef\u00e4hrlich eingestuft. Auch der Schwefel, den wir aus unserem Prozessgas zur\u00fcckgewinnen und der als nachhaltiger D\u00fcnger verwendet wird, ist nach der REACH-Verordnung registriert.<\/p>\n<h2>IPPC BREF<\/h2>\n<p>ESD-SIC f\u00e4llt in den Anwendungsbereich der europ\u00e4ischen Richtlinie \u00fcber Industrieemissionen, die die besten verf\u00fcgbaren Techniken (BVT) definiert. Wir sind stolz darauf, dass ESD-SIC in diesem Bereich der fortschrittlichste SiC-Hersteller der Welt ist. Wir sind Vorbild f\u00fcr andere SiC-Hersteller.<\/p>\n","protected":false},"excerpt":{"rendered":"<p>ISO 9001 Qualit\u00e4tsmanagementsystem ISO 14001 Umweltmanagementsystem ISO 26000 ESD-SIC hat sich auch zum Ziel gesetzt, die Leistungsleiter nach ISO 26000 \u201eLeitfaden zur gesellschaftlichen Verantwortung\u201c in seinem Managementsystem umzusetzen Dies spiegelt perfekt die Nachhaltigkeitsinitiativen wider, die ESD-SIC gestartet hat. ISO 45001 Um die Leistung im Bereich der Sicherheit kontinuierlich zu verbessern und gesunde und sichere Arbeitspraktiken [&hellip;]<\/p>\n","protected":false},"author":2,"featured_media":0,"parent":109,"menu_order":0,"comment_status":"closed","ping_status":"closed","template":"","meta":{"_acf_changed":false,"footnotes":""},"class_list":["post-115","page","type-page","status-publish","hentry"],"acf":[],"_links":{"self":[{"href":"https:\/\/www.esd-sic.nl\/de\/wp-json\/wp\/v2\/pages\/115","targetHints":{"allow":["GET"]}}],"collection":[{"href":"https:\/\/www.esd-sic.nl\/de\/wp-json\/wp\/v2\/pages"}],"about":[{"href":"https:\/\/www.esd-sic.nl\/de\/wp-json\/wp\/v2\/types\/page"}],"author":[{"embeddable":true,"href":"https:\/\/www.esd-sic.nl\/de\/wp-json\/wp\/v2\/users\/2"}],"replies":[{"embeddable":true,"href":"https:\/\/www.esd-sic.nl\/de\/wp-json\/wp\/v2\/comments?post=115"}],"version-history":[{"count":6,"href":"https:\/\/www.esd-sic.nl\/de\/wp-json\/wp\/v2\/pages\/115\/revisions"}],"predecessor-version":[{"id":337,"href":"https:\/\/www.esd-sic.nl\/de\/wp-json\/wp\/v2\/pages\/115\/revisions\/337"}],"up":[{"embeddable":true,"href":"https:\/\/www.esd-sic.nl\/de\/wp-json\/wp\/v2\/pages\/109"}],"wp:attachment":[{"href":"https:\/\/www.esd-sic.nl\/de\/wp-json\/wp\/v2\/media?parent=115"}],"curies":[{"name":"wp","href":"https:\/\/api.w.org\/{rel}","templated":true}]}}