{"id":117,"date":"2021-10-18T11:39:08","date_gmt":"2021-10-18T11:39:08","guid":{"rendered":"https:\/\/esd.internetwensen.nl\/de\/?page_id=117"},"modified":"2021-10-19T07:21:21","modified_gmt":"2021-10-19T07:21:21","slug":"logistik","status":"publish","type":"page","link":"https:\/\/www.esd-sic.nl\/de\/unternehmen\/logistik\/","title":{"rendered":"Logistik"},"content":{"rendered":"<p>ESD-SIC bv hat seinen Sitz in Farmsum, nahe der Stadt Delfzijl (Niederlande) in der N\u00e4he der komfortabelsten Transportrouten nach Europa f\u00fcr Lastwagen und Frachtschiffe. Unsere Ladekapazit\u00e4t (Sch\u00fcttgut) betr\u00e4gt:<\/p>\n<ul style=\"list-style-type: square\">\n<li>Beladung von Frachtschiffen, max. 2.000 mt\/Tag<\/li>\n<li>Beladung von LKW, max. 1.000 mt\/Tag<\/li>\n<\/ul>\n<p>Moderne Systeme und kompetente Logistikpartner liefern ESD-SIC Produkte europa- und weltweit \u201ejust in time\u201c.<\/p>\n<p>Eine umfangreiche und intelligente Lagerhaltung erm\u00f6glicht eine schnelle Lieferung von Standardprodukten.<\/p>\n","protected":false},"excerpt":{"rendered":"<p>ESD-SIC bv hat seinen Sitz in Farmsum, nahe der Stadt Delfzijl (Niederlande) in der N\u00e4he der komfortabelsten Transportrouten nach Europa f\u00fcr Lastwagen und Frachtschiffe. Unsere Ladekapazit\u00e4t (Sch\u00fcttgut) betr\u00e4gt: Beladung von Frachtschiffen, max. 2.000 mt\/Tag Beladung von LKW, max. 1.000 mt\/Tag Moderne Systeme und kompetente Logistikpartner liefern ESD-SIC Produkte europa- und weltweit \u201ejust in time\u201c. Eine [&hellip;]<\/p>\n","protected":false},"author":2,"featured_media":0,"parent":109,"menu_order":0,"comment_status":"closed","ping_status":"closed","template":"","meta":{"_acf_changed":false,"footnotes":""},"class_list":["post-117","page","type-page","status-publish","hentry"],"acf":[],"_links":{"self":[{"href":"https:\/\/www.esd-sic.nl\/de\/wp-json\/wp\/v2\/pages\/117","targetHints":{"allow":["GET"]}}],"collection":[{"href":"https:\/\/www.esd-sic.nl\/de\/wp-json\/wp\/v2\/pages"}],"about":[{"href":"https:\/\/www.esd-sic.nl\/de\/wp-json\/wp\/v2\/types\/page"}],"author":[{"embeddable":true,"href":"https:\/\/www.esd-sic.nl\/de\/wp-json\/wp\/v2\/users\/2"}],"replies":[{"embeddable":true,"href":"https:\/\/www.esd-sic.nl\/de\/wp-json\/wp\/v2\/comments?post=117"}],"version-history":[{"count":3,"href":"https:\/\/www.esd-sic.nl\/de\/wp-json\/wp\/v2\/pages\/117\/revisions"}],"predecessor-version":[{"id":219,"href":"https:\/\/www.esd-sic.nl\/de\/wp-json\/wp\/v2\/pages\/117\/revisions\/219"}],"up":[{"embeddable":true,"href":"https:\/\/www.esd-sic.nl\/de\/wp-json\/wp\/v2\/pages\/109"}],"wp:attachment":[{"href":"https:\/\/www.esd-sic.nl\/de\/wp-json\/wp\/v2\/media?parent=117"}],"curies":[{"name":"wp","href":"https:\/\/api.w.org\/{rel}","templated":true}]}}