{"id":123,"date":"2021-10-18T11:43:33","date_gmt":"2021-10-18T11:43:33","guid":{"rendered":"https:\/\/esd.internetwensen.nl\/de\/?page_id=123"},"modified":"2021-10-18T13:17:37","modified_gmt":"2021-10-18T13:17:37","slug":"aktive-aktionen","status":"publish","type":"page","link":"https:\/\/www.esd-sic.nl\/de\/umwelt-sicherheit\/aktive-aktionen\/","title":{"rendered":"Aktive Aktionen"},"content":{"rendered":"<p>Kurzfristige Energie- und CO2-Einsparungen durch:<\/p>\n<ul style=\"list-style-type: square\">\n<li>Kauf von energieeffizienten Radladern. Das bedeutet weniger Kraftstoffverbrauch und weniger CO2-Emissionen.<\/li>\n<li>Frostanlagen mit Dampf durch Strom (E-Tracing) ersetzen.<\/li>\n<li>Installation von Frequenzumrichtern zur pr\u00e4zisen Steuerung von Hochleistungspumpen und L\u00fcftern.<\/li>\n<li>Abdeckung verschiedener Materialstr\u00f6me, wodurch der Einfluss von Wasser auf das Energiemanagement unseres Ofenprozesses reduziert wird.<\/li>\n<\/ul>\n<p>Die damit erzielten Einsparungen entsprechen dem Stromverbrauch von 2.350 Haushalten bzw. dem Erdgasverbrauch von 1.225 Haushalten.<\/p>\n","protected":false},"excerpt":{"rendered":"<p>Kurzfristige Energie- und CO2-Einsparungen durch: Kauf von energieeffizienten Radladern. Das bedeutet weniger Kraftstoffverbrauch und weniger CO2-Emissionen. Frostanlagen mit Dampf durch Strom (E-Tracing) ersetzen. Installation von Frequenzumrichtern zur pr\u00e4zisen Steuerung von Hochleistungspumpen und L\u00fcftern. Abdeckung verschiedener Materialstr\u00f6me, wodurch der Einfluss von Wasser auf das Energiemanagement unseres Ofenprozesses reduziert wird. Die damit erzielten Einsparungen entsprechen dem Stromverbrauch [&hellip;]<\/p>\n","protected":false},"author":2,"featured_media":0,"parent":121,"menu_order":0,"comment_status":"closed","ping_status":"closed","template":"","meta":{"_acf_changed":false,"footnotes":""},"class_list":["post-123","page","type-page","status-publish","hentry"],"acf":[],"_links":{"self":[{"href":"https:\/\/www.esd-sic.nl\/de\/wp-json\/wp\/v2\/pages\/123","targetHints":{"allow":["GET"]}}],"collection":[{"href":"https:\/\/www.esd-sic.nl\/de\/wp-json\/wp\/v2\/pages"}],"about":[{"href":"https:\/\/www.esd-sic.nl\/de\/wp-json\/wp\/v2\/types\/page"}],"author":[{"embeddable":true,"href":"https:\/\/www.esd-sic.nl\/de\/wp-json\/wp\/v2\/users\/2"}],"replies":[{"embeddable":true,"href":"https:\/\/www.esd-sic.nl\/de\/wp-json\/wp\/v2\/comments?post=123"}],"version-history":[{"count":3,"href":"https:\/\/www.esd-sic.nl\/de\/wp-json\/wp\/v2\/pages\/123\/revisions"}],"predecessor-version":[{"id":171,"href":"https:\/\/www.esd-sic.nl\/de\/wp-json\/wp\/v2\/pages\/123\/revisions\/171"}],"up":[{"embeddable":true,"href":"https:\/\/www.esd-sic.nl\/de\/wp-json\/wp\/v2\/pages\/121"}],"wp:attachment":[{"href":"https:\/\/www.esd-sic.nl\/de\/wp-json\/wp\/v2\/media?parent=123"}],"curies":[{"name":"wp","href":"https:\/\/api.w.org\/{rel}","templated":true}]}}