{"id":131,"date":"2021-10-18T11:47:56","date_gmt":"2021-10-18T11:47:56","guid":{"rendered":"https:\/\/esd.internetwensen.nl\/de\/?page_id=131"},"modified":"2021-10-19T07:40:02","modified_gmt":"2021-10-19T07:40:02","slug":"kraftwerk","status":"publish","type":"page","link":"https:\/\/www.esd-sic.nl\/de\/umwelt-sicherheit\/kraftwerk\/","title":{"rendered":"Kraftwerk"},"content":{"rendered":"<p>Das bei der Herstellung von SiC entstehende Prozessgas wird zur\u00fcckgewonnen, entschwefelt und anschlie\u00dfend in einem Dampfkessel verbrannt. Der erzeugte Hochdruckdampf wird derzeit \u00fcber eine Dampfturbine und einen Generator zur Stromerzeugung genutzt. Der erzeugte Strom wird von der SiC-Produktionsanlage verbraucht. Daraus resultieren Einsparungen beim Stromverbrauch von rund 20 %, was dem Verbrauch von 24.000 Haushalten entspricht. Strom kann auch in das Stromnetz eingespeist werden, was zur Stabilit\u00e4t der nationalen Stromversorgung beitr\u00e4gt.<\/p>\n<h2>Zukunft<\/h2>\n<p>Obwohl die Stromeinsparungen betr\u00e4chtlich sind, k\u00f6nnten sie viermal h\u00f6her sein, wenn ESD-SIC den erzeugten Dampf an Partner entlang der Lieferkette verkaufen k\u00f6nnte. Durch diese Nutzung des Dampfes w\u00fcrden 30 Millionen Kubikmeter Erdgas und 50.000 Tonnen CO<sub>2<\/sub>-Emissionen eingespart, die sonst bei der Erzeugung dieses Dampfes mit Erdgas entstehen w\u00fcrden.<\/p>\n<p>Gemeinsam mit Investoren wird derzeit daran gearbeitet, ein lokales Dampfnetz aufzubauen, das bestehende und m\u00f6glicherweise zuk\u00fcnftige Unternehmen mit Dampf f\u00fcr ihre Prozesse versorgen kann. ESD-SIC k\u00f6nnte einen erheblichen Teil dieses Dampfes bereitstellen. Das Dampfnetz soll 2023 in Betrieb gehen.<\/p>\n<p>&nbsp;<\/p>\n","protected":false},"excerpt":{"rendered":"<p>Das bei der Herstellung von SiC entstehende Prozessgas wird zur\u00fcckgewonnen, entschwefelt und anschlie\u00dfend in einem Dampfkessel verbrannt. Der erzeugte Hochdruckdampf wird derzeit \u00fcber eine Dampfturbine und einen Generator zur Stromerzeugung genutzt. Der erzeugte Strom wird von der SiC-Produktionsanlage verbraucht. Daraus resultieren Einsparungen beim Stromverbrauch von rund 20 %, was dem Verbrauch von 24.000 Haushalten entspricht. [&hellip;]<\/p>\n","protected":false},"author":2,"featured_media":0,"parent":121,"menu_order":0,"comment_status":"closed","ping_status":"closed","template":"","meta":{"_acf_changed":false,"footnotes":""},"class_list":["post-131","page","type-page","status-publish","hentry"],"acf":[],"_links":{"self":[{"href":"https:\/\/www.esd-sic.nl\/de\/wp-json\/wp\/v2\/pages\/131","targetHints":{"allow":["GET"]}}],"collection":[{"href":"https:\/\/www.esd-sic.nl\/de\/wp-json\/wp\/v2\/pages"}],"about":[{"href":"https:\/\/www.esd-sic.nl\/de\/wp-json\/wp\/v2\/types\/page"}],"author":[{"embeddable":true,"href":"https:\/\/www.esd-sic.nl\/de\/wp-json\/wp\/v2\/users\/2"}],"replies":[{"embeddable":true,"href":"https:\/\/www.esd-sic.nl\/de\/wp-json\/wp\/v2\/comments?post=131"}],"version-history":[{"count":4,"href":"https:\/\/www.esd-sic.nl\/de\/wp-json\/wp\/v2\/pages\/131\/revisions"}],"predecessor-version":[{"id":233,"href":"https:\/\/www.esd-sic.nl\/de\/wp-json\/wp\/v2\/pages\/131\/revisions\/233"}],"up":[{"embeddable":true,"href":"https:\/\/www.esd-sic.nl\/de\/wp-json\/wp\/v2\/pages\/121"}],"wp:attachment":[{"href":"https:\/\/www.esd-sic.nl\/de\/wp-json\/wp\/v2\/media?parent=131"}],"curies":[{"name":"wp","href":"https:\/\/api.w.org\/{rel}","templated":true}]}}