{"id":133,"date":"2021-10-18T11:49:02","date_gmt":"2021-10-18T11:49:02","guid":{"rendered":"https:\/\/esd.internetwensen.nl\/de\/?page_id=133"},"modified":"2021-10-19T07:53:15","modified_gmt":"2021-10-19T07:53:15","slug":"safety-and-health","status":"publish","type":"page","link":"https:\/\/www.esd-sic.nl\/de\/umwelt-sicherheit\/safety-and-health\/","title":{"rendered":"Gesundheit und Sicherheit"},"content":{"rendered":"<p>ESD-SIC m\u00f6chte ein attraktiver Arbeitgeber sein und den Mitarbeitern einen gesunden und sicheren Arbeitsplatz bieten. Information und Aufkl\u00e4rung geh\u00f6ren ebenso dazu wie ein j\u00e4hrlicher Gesundheitscheck unserer Mitarbeiter.<\/p>\n<p>ESD-SIC arbeitet aktiv daran, seine Sicherheitsleistung zu verbessern und einen gesunden und sicheren Arbeitsplatz zu f\u00f6rdern. Dabei werden auch die negativen Folgen der Gesch\u00e4ftst\u00e4tigkeit f\u00fcr die Umwelt und ihr unmittelbares Umfeld ber\u00fccksichtigt. Dabei sind sowohl die Mitarbeiter des ESD-SIC als auch externe Berater eng eingebunden.<\/p>\n<p>Sowohl das eigene Personal von ESD-SIC als auch das Personal von Dritten muss vor Arbeiten auf dem ESD-SIC-Gel\u00e4nde mit den allgemeinen Sicherheitsvorschriften und den spezifischen Risiken in Bezug auf den Produktionsprozess vertraut sein. Diese sind in den Sicherheitsvorschriften ESD-SIC festgelegt. Eine Zusammenstellung dieser Sicherheitsbestimmungen ist in der Einweisung am Zugangstor einsehbar und im Sicherheitsflugblatt enthalten, das nach Beendigung der Einweisung am Zugangstor ausgegeben wird.<\/p>\n<p>Die Einweisung am Zugangstor wird online in drei Sprachen (NL, ENG, DE) angeboten. Die G\u00fcltigkeitsdauer betr\u00e4gt 1 Jahr!<\/p>\n","protected":false},"excerpt":{"rendered":"<p>ESD-SIC m\u00f6chte ein attraktiver Arbeitgeber sein und den Mitarbeitern einen gesunden und sicheren Arbeitsplatz bieten. Information und Aufkl\u00e4rung geh\u00f6ren ebenso dazu wie ein j\u00e4hrlicher Gesundheitscheck unserer Mitarbeiter. ESD-SIC arbeitet aktiv daran, seine Sicherheitsleistung zu verbessern und einen gesunden und sicheren Arbeitsplatz zu f\u00f6rdern. Dabei werden auch die negativen Folgen der Gesch\u00e4ftst\u00e4tigkeit f\u00fcr die Umwelt und [&hellip;]<\/p>\n","protected":false},"author":2,"featured_media":0,"parent":121,"menu_order":0,"comment_status":"closed","ping_status":"closed","template":"","meta":{"_acf_changed":false,"footnotes":""},"class_list":["post-133","page","type-page","status-publish","hentry"],"acf":[],"_links":{"self":[{"href":"https:\/\/www.esd-sic.nl\/de\/wp-json\/wp\/v2\/pages\/133","targetHints":{"allow":["GET"]}}],"collection":[{"href":"https:\/\/www.esd-sic.nl\/de\/wp-json\/wp\/v2\/pages"}],"about":[{"href":"https:\/\/www.esd-sic.nl\/de\/wp-json\/wp\/v2\/types\/page"}],"author":[{"embeddable":true,"href":"https:\/\/www.esd-sic.nl\/de\/wp-json\/wp\/v2\/users\/2"}],"replies":[{"embeddable":true,"href":"https:\/\/www.esd-sic.nl\/de\/wp-json\/wp\/v2\/comments?post=133"}],"version-history":[{"count":3,"href":"https:\/\/www.esd-sic.nl\/de\/wp-json\/wp\/v2\/pages\/133\/revisions"}],"predecessor-version":[{"id":243,"href":"https:\/\/www.esd-sic.nl\/de\/wp-json\/wp\/v2\/pages\/133\/revisions\/243"}],"up":[{"embeddable":true,"href":"https:\/\/www.esd-sic.nl\/de\/wp-json\/wp\/v2\/pages\/121"}],"wp:attachment":[{"href":"https:\/\/www.esd-sic.nl\/de\/wp-json\/wp\/v2\/media?parent=133"}],"curies":[{"name":"wp","href":"https:\/\/api.w.org\/{rel}","templated":true}]}}