{"id":137,"date":"2021-10-18T11:53:44","date_gmt":"2021-10-18T11:53:44","guid":{"rendered":"https:\/\/esd.internetwensen.nl\/de\/?page_id=137"},"modified":"2021-10-19T07:07:53","modified_gmt":"2021-10-19T07:07:53","slug":"geschichte","status":"publish","type":"page","link":"https:\/\/www.esd-sic.nl\/de\/geschichte\/","title":{"rendered":"Geschichte"},"content":{"rendered":"<p>Siliziumkarbid (SiC) wurde 1891 zuf\u00e4llig von dem Amerikaner Acheson entdeckt, und zwar bei seinen Versuchen, k\u00fcnstlich Diamanten herzustellen. Im Gegensatz zu vielen Alchemisten, die ihm vorausgingen, waren seine Bem\u00fchungen nicht ganz ergebnislos. Bei seinen Experimenten bildeten sich dunkle, unregelm\u00e4\u00dfige Kristalle mit einer H\u00e4rte, die nur Diamant und Borcarbid erreichen.<\/p>\n","protected":false},"excerpt":{"rendered":"<p>Siliziumkarbid (SiC) wurde 1891 zuf\u00e4llig von dem Amerikaner Acheson entdeckt, und zwar bei seinen Versuchen, k\u00fcnstlich Diamanten herzustellen. Im Gegensatz zu vielen Alchemisten, die ihm vorausgingen, waren seine Bem\u00fchungen nicht ganz ergebnislos. Bei seinen Experimenten bildeten sich dunkle, unregelm\u00e4\u00dfige Kristalle mit einer H\u00e4rte, die nur Diamant und Borcarbid erreichen.<\/p>\n","protected":false},"author":2,"featured_media":0,"parent":0,"menu_order":0,"comment_status":"closed","ping_status":"closed","template":"","meta":{"_acf_changed":false,"footnotes":""},"class_list":["post-137","page","type-page","status-publish","hentry"],"acf":[],"_links":{"self":[{"href":"https:\/\/www.esd-sic.nl\/de\/wp-json\/wp\/v2\/pages\/137","targetHints":{"allow":["GET"]}}],"collection":[{"href":"https:\/\/www.esd-sic.nl\/de\/wp-json\/wp\/v2\/pages"}],"about":[{"href":"https:\/\/www.esd-sic.nl\/de\/wp-json\/wp\/v2\/types\/page"}],"author":[{"embeddable":true,"href":"https:\/\/www.esd-sic.nl\/de\/wp-json\/wp\/v2\/users\/2"}],"replies":[{"embeddable":true,"href":"https:\/\/www.esd-sic.nl\/de\/wp-json\/wp\/v2\/comments?post=137"}],"version-history":[{"count":4,"href":"https:\/\/www.esd-sic.nl\/de\/wp-json\/wp\/v2\/pages\/137\/revisions"}],"predecessor-version":[{"id":208,"href":"https:\/\/www.esd-sic.nl\/de\/wp-json\/wp\/v2\/pages\/137\/revisions\/208"}],"wp:attachment":[{"href":"https:\/\/www.esd-sic.nl\/de\/wp-json\/wp\/v2\/media?parent=137"}],"curies":[{"name":"wp","href":"https:\/\/api.w.org\/{rel}","templated":true}]}}