{"id":147,"date":"2021-10-18T12:00:24","date_gmt":"2021-10-18T12:00:24","guid":{"rendered":"https:\/\/esd.internetwensen.nl\/de\/?page_id=147"},"modified":"2021-10-19T08:03:07","modified_gmt":"2021-10-19T08:03:07","slug":"topsic-produktion","status":"publish","type":"page","link":"https:\/\/www.esd-sic.nl\/de\/verfahren\/topsic-produktion\/","title":{"rendered":"TOPSIC-Produktion"},"content":{"rendered":"<p>TOPSIC\u00ae ist eine Originalmarke von ESD-SIC. Das Produkt wird in gro\u00dfem Umfang in Eisengie\u00dfereien und Stahlwerken verwendet. Im Jahr 2014 wurde die Produktion von getrockneten metallurgischen Siliziumkarbidqualit\u00e4ten nach mehr als 40 Jahren Betrieb eingestellt.<\/p>\n<p>Ende 2021 hat ESD-SIC die Revitalisierung dieser wichtigen Produktionsst\u00e4tte abgeschlossen. Die Entstaubungsfilteranlagen der Brecher- und Trocknungsanlagen wurden modernisiert, um sicherzustellen, dass sie innerhalb der Umweltvorschriften mit verbesserter Qualit\u00e4t des Endprodukts arbeiten.<\/p>\n<p>Eine breite Qualit\u00e4t von getrockneten metallurgischen Produkten wurde wieder aufgenommen und diese Qualit\u00e4ten k\u00f6nnen je nach Kundenwunsch lose per LKW oder in Big Bags oder Papiers\u00e4cken verpackt werden.<\/p>\n","protected":false},"excerpt":{"rendered":"<p>TOPSIC\u00ae ist eine Originalmarke von ESD-SIC. Das Produkt wird in gro\u00dfem Umfang in Eisengie\u00dfereien und Stahlwerken verwendet. Im Jahr 2014 wurde die Produktion von getrockneten metallurgischen Siliziumkarbidqualit\u00e4ten nach mehr als 40 Jahren Betrieb eingestellt. Ende 2021 hat ESD-SIC die Revitalisierung dieser wichtigen Produktionsst\u00e4tte abgeschlossen. Die Entstaubungsfilteranlagen der Brecher- und Trocknungsanlagen wurden modernisiert, um sicherzustellen, dass [&hellip;]<\/p>\n","protected":false},"author":2,"featured_media":0,"parent":143,"menu_order":0,"comment_status":"closed","ping_status":"closed","template":"","meta":{"_acf_changed":false,"footnotes":""},"class_list":["post-147","page","type-page","status-publish","hentry"],"acf":[],"_links":{"self":[{"href":"https:\/\/www.esd-sic.nl\/de\/wp-json\/wp\/v2\/pages\/147","targetHints":{"allow":["GET"]}}],"collection":[{"href":"https:\/\/www.esd-sic.nl\/de\/wp-json\/wp\/v2\/pages"}],"about":[{"href":"https:\/\/www.esd-sic.nl\/de\/wp-json\/wp\/v2\/types\/page"}],"author":[{"embeddable":true,"href":"https:\/\/www.esd-sic.nl\/de\/wp-json\/wp\/v2\/users\/2"}],"replies":[{"embeddable":true,"href":"https:\/\/www.esd-sic.nl\/de\/wp-json\/wp\/v2\/comments?post=147"}],"version-history":[{"count":3,"href":"https:\/\/www.esd-sic.nl\/de\/wp-json\/wp\/v2\/pages\/147\/revisions"}],"predecessor-version":[{"id":253,"href":"https:\/\/www.esd-sic.nl\/de\/wp-json\/wp\/v2\/pages\/147\/revisions\/253"}],"up":[{"embeddable":true,"href":"https:\/\/www.esd-sic.nl\/de\/wp-json\/wp\/v2\/pages\/143"}],"wp:attachment":[{"href":"https:\/\/www.esd-sic.nl\/de\/wp-json\/wp\/v2\/media?parent=147"}],"curies":[{"name":"wp","href":"https:\/\/api.w.org\/{rel}","templated":true}]}}