{"id":151,"date":"2021-10-18T12:02:55","date_gmt":"2021-10-18T12:02:55","guid":{"rendered":"https:\/\/esd.internetwensen.nl\/de\/?page_id=151"},"modified":"2021-10-19T06:35:03","modified_gmt":"2021-10-19T06:35:03","slug":"kristallines-sic","status":"publish","type":"page","link":"https:\/\/www.esd-sic.nl\/de\/sic-produkte\/kristallines-sic\/","title":{"rendered":"Kristallines SIC"},"content":{"rendered":"<h2>Siliziumkarbid (SiC) ist ein synthetisches Mineral, das nach dem Acheson-Verfahren in elektrischen Widerstands\u00f6fen hergestellt wird. Die Farbe der Kristalle variiert je nach Menge der Verunreinigungen von sehr blassgr\u00fcn bis schwarz.<\/h2>\n<p>SiC ist extrem hart und scharf, mit hervorragenden chemischen Eigenschaften und inert gegen\u00fcber allen Laugen und S\u00e4uren. Seine H\u00e4rte wird nur von Diamant und Borcarbid \u00fcbertroffen.<br \/>\nHaupteigenschaften von E-SIC 98:<\/p>\n<ul style=\"list-style-type: square\">\n<li>Hohe H\u00e4rte<\/li>\n<li>Hohe Temperaturwechselbest\u00e4ndigkeit<\/li>\n<li>Ausgezeichnete Best\u00e4ndigkeit bei hohen Temperaturen<\/li>\n<li>Geringe W\u00e4rmeausdehnung<\/li>\n<li>Gute elektrische Leitf\u00e4higkeit<\/li>\n<li>Halbleitereigenschaften<\/li>\n<li>Si und C als Legierungszusatz<\/li>\n<li>Hohe chemische Best\u00e4ndigkeit<\/li>\n<li>Inert gegen\u00fcber Feuchtigkeit, hemmt Wasserstoffansammlungsreaktionen<\/li>\n<\/ul>\n<p>Dank dieser Eigenschaften und der wirtschaftlichen Vorteile des Einsatzes in der Produktion ist SiC ein hervorragender Rohstoff f\u00fcr die Herstellung von Schleifmitteln, Feuerfestmaterialien und technischer Keramik, die f\u00fcr den Einsatz unter extremen Betriebsbedingungen geeignet sind.<br \/>\nHochwertige Produkte k\u00f6nnen nur mit hochwertigen Rohstoffen hergestellt werden. Dank unseres langj\u00e4hrigen Know-hows im Bereich der SiC-Produktion k\u00f6nnen wir die Qualit\u00e4t durch den Einsatz hochwertiger Rohstoffe auf konstant hohem Niveau halten.<\/p>\n<p>Unsere Datenbl\u00e4tter:<\/p>\n<ul style=\"list-style-type: square\">\n<li><a href=\"https:\/\/www.esd-sic.nl\/wp-content\/uploads\/2021\/10\/Technical-data-sheet-SiC-98-Green-0-300mm.pdf\" target=\"_blank\" rel=\"noopener\">Technical data sheet SiC 98 Green 0-300mm<\/a><\/li>\n<li><a href=\"https:\/\/www.esd-sic.nl\/wp-content\/uploads\/2021\/10\/Technical-data-sheet-SiC-98-Dark-0-300mm.pdf\" target=\"_blank\" rel=\"noopener\">Technical data sheet SiC 98 Dark 0-300mm<\/a><\/li>\n<\/ul>\n","protected":false},"excerpt":{"rendered":"<p>Siliziumkarbid (SiC) ist ein synthetisches Mineral, das nach dem Acheson-Verfahren in elektrischen Widerstands\u00f6fen hergestellt wird. Die Farbe der Kristalle variiert je nach Menge der Verunreinigungen von sehr blassgr\u00fcn bis schwarz. SiC ist extrem hart und scharf, mit hervorragenden chemischen Eigenschaften und inert gegen\u00fcber allen Laugen und S\u00e4uren. Seine H\u00e4rte wird nur von Diamant und Borcarbid [&hellip;]<\/p>\n","protected":false},"author":2,"featured_media":0,"parent":149,"menu_order":0,"comment_status":"closed","ping_status":"closed","template":"","meta":{"_acf_changed":false,"footnotes":""},"class_list":["post-151","page","type-page","status-publish","hentry"],"acf":[],"_links":{"self":[{"href":"https:\/\/www.esd-sic.nl\/de\/wp-json\/wp\/v2\/pages\/151","targetHints":{"allow":["GET"]}}],"collection":[{"href":"https:\/\/www.esd-sic.nl\/de\/wp-json\/wp\/v2\/pages"}],"about":[{"href":"https:\/\/www.esd-sic.nl\/de\/wp-json\/wp\/v2\/types\/page"}],"author":[{"embeddable":true,"href":"https:\/\/www.esd-sic.nl\/de\/wp-json\/wp\/v2\/users\/2"}],"replies":[{"embeddable":true,"href":"https:\/\/www.esd-sic.nl\/de\/wp-json\/wp\/v2\/comments?post=151"}],"version-history":[{"count":5,"href":"https:\/\/www.esd-sic.nl\/de\/wp-json\/wp\/v2\/pages\/151\/revisions"}],"predecessor-version":[{"id":196,"href":"https:\/\/www.esd-sic.nl\/de\/wp-json\/wp\/v2\/pages\/151\/revisions\/196"}],"up":[{"embeddable":true,"href":"https:\/\/www.esd-sic.nl\/de\/wp-json\/wp\/v2\/pages\/149"}],"wp:attachment":[{"href":"https:\/\/www.esd-sic.nl\/de\/wp-json\/wp\/v2\/media?parent=151"}],"curies":[{"name":"wp","href":"https:\/\/api.w.org\/{rel}","templated":true}]}}