{"id":153,"date":"2021-10-18T12:03:50","date_gmt":"2021-10-18T12:03:50","guid":{"rendered":"https:\/\/esd.internetwensen.nl\/de\/?page_id=153"},"modified":"2021-10-19T07:23:43","modified_gmt":"2021-10-19T07:23:43","slug":"metallurgical-sic","status":"publish","type":"page","link":"https:\/\/www.esd-sic.nl\/de\/sic-produkte\/metallurgical-sic\/","title":{"rendered":"Metallurgisches SiC"},"content":{"rendered":"<h2>ESD-SIC produziert hochwertiges metallurgisches SiC f\u00fcr Eisen- und Stahlanwendungen.\u00b4 Unsere Marken E-SIC und TOP-SIC sind Beispiele f\u00fcr unseren Erfolg am Markt.<\/h2>\n<p>Unsere Produkte:<\/p>\n<ul style=\"list-style-type: square\">\n<li>E-SiC 37: \u00dcblicherweise 37 % SiC, Standardgr\u00f6\u00dfen: 0 bis 15 mm<\/li>\n<li>E-SIC 85: \u00dcblicherweise 85 % SiC. Standardgr\u00f6\u00dfe 0 bis 15mm<\/li>\n<li>E-SIC 88: Mindestens 86,5 % SiC. Standardgr\u00f6\u00dfe 0 bis 15mm<\/li>\n<li>TOPSIC\u00ae: Mindestens 90% SiC. Standardgr\u00f6\u00dfen: 0 bis 10 mm; 0,1 bis 10 mm; 0,5 bis 10 mm; 1 bis 10 mm f\u00fcr Eisen- und Stahlanwendungen<\/li>\n<\/ul>\n<p>Unsere Datenbl\u00e4tter:<\/p>\n<ul style=\"list-style-type: square\">\n<li><a href=\"https:\/\/www.esd-sic.nl\/wp-content\/uploads\/2021\/10\/Technical-data-sheet-E-SiC-37-0-15mm.pdf\" target=\"_blank\" rel=\"noopener\">Technical data sheet E-SiC 37 0-15mm<\/a><\/li>\n<li><a href=\"https:\/\/www.esd-sic.nl\/wp-content\/uploads\/2021\/10\/Technical-data-sheet-E-SiC-85-0-15mm.pdf\" target=\"_blank\" rel=\"noopener\">Technical data sheet E-SiC 85 0-15mm<\/a><\/li>\n<li><a href=\"https:\/\/www.esd-sic.nl\/wp-content\/uploads\/2021\/10\/Technical-data-sheet-E-SiC-88-0-15mm.pdf\" target=\"_blank\" rel=\"noopener\">Technical data sheet E-SiC 88 0-15mm<\/a><\/li>\n<li><a href=\"https:\/\/www.esd-sic.nl\/wp-content\/uploads\/2021\/09\/Technical-data-sheet-E-TOPSiC-1-10mm.pdf\" target=\"_blank\" rel=\"noopener\">Technical data sheet E-TOPSiC 1-10mm<\/a><\/li>\n<\/ul>\n<p><span lang=\"DE\">Verpackung: Lieferung in loser Sch\u00fcttung, Big Bags und Papiers\u00e4cken<\/span><\/p>\n","protected":false},"excerpt":{"rendered":"<p>ESD-SIC produziert hochwertiges metallurgisches SiC f\u00fcr Eisen- und Stahlanwendungen.\u00b4 Unsere Marken E-SIC und TOP-SIC sind Beispiele f\u00fcr unseren Erfolg am Markt. Unsere Produkte: E-SiC 37: \u00dcblicherweise 37 % SiC, Standardgr\u00f6\u00dfen: 0 bis 15 mm E-SIC 85: \u00dcblicherweise 85 % SiC. Standardgr\u00f6\u00dfe 0 bis 15mm E-SIC 88: Mindestens 86,5 % SiC. Standardgr\u00f6\u00dfe 0 bis 15mm TOPSIC\u00ae: [&hellip;]<\/p>\n","protected":false},"author":2,"featured_media":0,"parent":149,"menu_order":0,"comment_status":"closed","ping_status":"closed","template":"","meta":{"_acf_changed":false,"footnotes":""},"class_list":["post-153","page","type-page","status-publish","hentry"],"acf":[],"_links":{"self":[{"href":"https:\/\/www.esd-sic.nl\/de\/wp-json\/wp\/v2\/pages\/153","targetHints":{"allow":["GET"]}}],"collection":[{"href":"https:\/\/www.esd-sic.nl\/de\/wp-json\/wp\/v2\/pages"}],"about":[{"href":"https:\/\/www.esd-sic.nl\/de\/wp-json\/wp\/v2\/types\/page"}],"author":[{"embeddable":true,"href":"https:\/\/www.esd-sic.nl\/de\/wp-json\/wp\/v2\/users\/2"}],"replies":[{"embeddable":true,"href":"https:\/\/www.esd-sic.nl\/de\/wp-json\/wp\/v2\/comments?post=153"}],"version-history":[{"count":4,"href":"https:\/\/www.esd-sic.nl\/de\/wp-json\/wp\/v2\/pages\/153\/revisions"}],"predecessor-version":[{"id":222,"href":"https:\/\/www.esd-sic.nl\/de\/wp-json\/wp\/v2\/pages\/153\/revisions\/222"}],"up":[{"embeddable":true,"href":"https:\/\/www.esd-sic.nl\/de\/wp-json\/wp\/v2\/pages\/149"}],"wp:attachment":[{"href":"https:\/\/www.esd-sic.nl\/de\/wp-json\/wp\/v2\/media?parent=153"}],"curies":[{"name":"wp","href":"https:\/\/api.w.org\/{rel}","templated":true}]}}