{"id":159,"date":"2021-10-18T12:06:24","date_gmt":"2021-10-18T12:06:24","guid":{"rendered":"https:\/\/esd.internetwensen.nl\/de\/?page_id=159"},"modified":"2021-10-19T08:01:30","modified_gmt":"2021-10-19T08:01:30","slug":"schwefel-e-schwefel","status":"publish","type":"page","link":"https:\/\/www.esd-sic.nl\/de\/sic-produkte\/schwefel-e-schwefel\/","title":{"rendered":"Schwefel E-Schwefel"},"content":{"rendered":"<h2>Schwefel, ein wertvoller Rohstoff und integraler Bestandteil der Weltwirtschaft, ist ein nichtmetallisches chemisches Element, das mit dem Buchstaben S identifiziert wird.<\/h2>\n<p>Schwefel wird zur Herstellung zahlreicher Produkte verwendet, darunter D\u00fcngemittel und andere Chemikalien, und ist ein lebenswichtiger N\u00e4hrstoff f\u00fcr Pflanzen, Tiere und Menschen.<\/p>\n<p>Unsere privat entwickelte Entschwefelungsanlage, eine von nur zwei weltweit, entfernt mehr als 90 Prozent der Schwefelkomponenten aus Abgasen. Dies f\u00fchrt zu einer deutlichen Verringerung der j\u00e4hrlichen Emissionen des Schadstoffs Schwefeldioxid. Jeden Monat produziert unsere Anlage rund 200 Tonnen hochreinen Schwefelschlamm (ca. 98%), die wir f\u00fcr verschiedene industrielle Anwendungen liefern.<\/p>\n<p>Anwendungen f\u00fcr Schwefel:<\/p>\n<ul style=\"list-style-type: square\">\n<li>Schwefeld\u00fcnger<\/li>\n<li>Metallurgische Erzlaugung<\/li>\n<li>Pigmente<\/li>\n<li>Zellstoff- und Papierchemikalien<\/li>\n<li>Verbrennungsanlagen<\/li>\n<li>\u00d6lraffinerie<\/li>\n<li>Batterien<\/li>\n<li>Waschmittel<\/li>\n<li>Fungizide<\/li>\n<li>Arzneien<\/li>\n<li>K\u00f6rperpflegeprodukte<\/li>\n<li>Kosmetika<\/li>\n<li>Gummivulkanisation<\/li>\n<li>Baumaterial<\/li>\n<li>Wasserversorgung<\/li>\n<\/ul>\n<p>E-SCHWEFEL: 96% min. S, d50 = 3,4 \u00b5m, pH = 9,5; 30% Feuchtigkeit<\/p>\n<p>Unser Datenblatt:<\/p>\n<ul style=\"list-style-type: square\">\n<li><a href=\"https:\/\/www.esd-sic.nl\/wp-content\/uploads\/2021\/10\/Technical-data-sheet-E-Sulfur.pdf\" target=\"_blank\" rel=\"noopener\">Technical data sheet E-Sulfur<\/a><\/li>\n<\/ul>\n<p>Verpackung: Big Bags<\/p>\n","protected":false},"excerpt":{"rendered":"<p>Schwefel, ein wertvoller Rohstoff und integraler Bestandteil der Weltwirtschaft, ist ein nichtmetallisches chemisches Element, das mit dem Buchstaben S identifiziert wird. Schwefel wird zur Herstellung zahlreicher Produkte verwendet, darunter D\u00fcngemittel und andere Chemikalien, und ist ein lebenswichtiger N\u00e4hrstoff f\u00fcr Pflanzen, Tiere und Menschen. Unsere privat entwickelte Entschwefelungsanlage, eine von nur zwei weltweit, entfernt mehr als [&hellip;]<\/p>\n","protected":false},"author":2,"featured_media":0,"parent":149,"menu_order":0,"comment_status":"closed","ping_status":"closed","template":"","meta":{"_acf_changed":false,"footnotes":""},"class_list":["post-159","page","type-page","status-publish","hentry"],"acf":[],"_links":{"self":[{"href":"https:\/\/www.esd-sic.nl\/de\/wp-json\/wp\/v2\/pages\/159","targetHints":{"allow":["GET"]}}],"collection":[{"href":"https:\/\/www.esd-sic.nl\/de\/wp-json\/wp\/v2\/pages"}],"about":[{"href":"https:\/\/www.esd-sic.nl\/de\/wp-json\/wp\/v2\/types\/page"}],"author":[{"embeddable":true,"href":"https:\/\/www.esd-sic.nl\/de\/wp-json\/wp\/v2\/users\/2"}],"replies":[{"embeddable":true,"href":"https:\/\/www.esd-sic.nl\/de\/wp-json\/wp\/v2\/comments?post=159"}],"version-history":[{"count":4,"href":"https:\/\/www.esd-sic.nl\/de\/wp-json\/wp\/v2\/pages\/159\/revisions"}],"predecessor-version":[{"id":251,"href":"https:\/\/www.esd-sic.nl\/de\/wp-json\/wp\/v2\/pages\/159\/revisions\/251"}],"up":[{"embeddable":true,"href":"https:\/\/www.esd-sic.nl\/de\/wp-json\/wp\/v2\/pages\/149"}],"wp:attachment":[{"href":"https:\/\/www.esd-sic.nl\/de\/wp-json\/wp\/v2\/media?parent=159"}],"curies":[{"name":"wp","href":"https:\/\/api.w.org\/{rel}","templated":true}]}}