{"id":95,"date":"2021-10-18T11:25:51","date_gmt":"2021-10-18T11:25:51","guid":{"rendered":"https:\/\/esd.internetwensen.nl\/de\/?page_id=95"},"modified":"2021-10-25T07:12:11","modified_gmt":"2021-10-25T07:12:11","slug":"metallurgische","status":"publish","type":"page","link":"https:\/\/www.esd-sic.nl\/de\/anwendungen\/metallurgische\/","title":{"rendered":"Metallurgische"},"content":{"rendered":"<h2>E-SIC \/ TOPSIC\u00ae Siliziumkarbid wird als Silizium- und Kohlenstoffquelle f\u00fcr Gusseisen mit geringeren Verunreinigungen im Vergleich zu anderen Silizium- und Kohlenstoffquellen verwendet.<\/h2>\n<p>Dieses Siliziumkarbid erh\u00f6ht neben der Reduzierung der Verfahrenskosten auch die Gusseisenkeimbildung und damit die Endqualit\u00e4t des Gussprodukts. Dieses Siliziumkarbid ist daher eine ausgezeichnete alternative Quelle f\u00fcr Silizium und Kohlenstoff in Herstellungsprozessen des Eisengusses.<br \/>\nSiC wird au\u00dferdem in Stahlgie\u00dfereien und Stahlwerken zur Desoxidation und Vorbehandlung verwendet. Es kann aufgrund der exothermen Reaktionen w\u00e4hrend der Behandlung in BOF \/ LD-Konvertern als Energiequelle genutzt werden.<\/p>\n<p>Vorteile von TOPSIC\u00ae:<\/p>\n<ul style=\"list-style-type: square\">\n<li>Die hohe Reinheit von TOPSIC\u00ae f\u00fchrt zu einer geringeren Kontamination von Restelementen, die Gusseisenprodukte besch\u00e4digen k\u00f6nnen.<\/li>\n<li>W\u00e4hrend Ferrosilizium bei ca. 1.220\u00b0C schmilzt und schnell fl\u00fcssig wird, bleibt Siliziumkarbid l\u00e4nger verf\u00fcgbar, was auch zu einer besseren Keimbildung des Metalls f\u00fchrt.<\/li>\n<li>SiC kann die Qualit\u00e4t von Stahlgussteilen verbessern, indem es das f\u00fcr die Desoxidation erforderliche Aluminium reduziert.<\/li>\n<li>Es ist ein Vorkonditionierungsmittel, das zu qualitativ besseren Gusseisenprodukten f\u00fchrt.<\/li>\n<li>SiC hat einen geringeren Gehalt an Al, N und H, was die Bildung von Poren und Rissen reduziert.<\/li>\n<li>SiC verhindert eine geringere Unterk\u00fchlung, die zur \u00fcberwiegenden Bildung von Typ-A-Graphit f\u00fchrt.<\/li>\n<\/ul>\n<p>\u00dcblicherweise haben Siliziumkarbidk\u00f6rner eine Gr\u00f6\u00dfe von 0 x 10 mm, 1 x 10 mm. Dieses Material hat eine schwarze F\u00e4rbung und kommt in Induktions\u00f6fen und Pfannen zum Einsatz. Die Reinheit kann zwischen 70 % und 90 % schwanken, abh\u00e4ngig von den spezifischen Anforderungen der betreffenden Gie\u00dfereianwendung. Dieses Material wird zu Beginn der Montage der Metallcharge verwendet, vorzugsweise in der N\u00e4he des Stahlschrotts oder im Metallstrom. In Kupol\u00f6fen werden Klumpen oder Briketts verwendet.<\/p>\n","protected":false},"excerpt":{"rendered":"<p>E-SIC \/ TOPSIC\u00ae Siliziumkarbid wird als Silizium- und Kohlenstoffquelle f\u00fcr Gusseisen mit geringeren Verunreinigungen im Vergleich zu anderen Silizium- und Kohlenstoffquellen verwendet. Dieses Siliziumkarbid erh\u00f6ht neben der Reduzierung der Verfahrenskosten auch die Gusseisenkeimbildung und damit die Endqualit\u00e4t des Gussprodukts. Dieses Siliziumkarbid ist daher eine ausgezeichnete alternative Quelle f\u00fcr Silizium und Kohlenstoff in Herstellungsprozessen des Eisengusses. [&hellip;]<\/p>\n","protected":false},"author":2,"featured_media":0,"parent":93,"menu_order":0,"comment_status":"closed","ping_status":"closed","template":"","meta":{"_acf_changed":false,"footnotes":""},"class_list":["post-95","page","type-page","status-publish","hentry"],"acf":[],"_links":{"self":[{"href":"https:\/\/www.esd-sic.nl\/de\/wp-json\/wp\/v2\/pages\/95","targetHints":{"allow":["GET"]}}],"collection":[{"href":"https:\/\/www.esd-sic.nl\/de\/wp-json\/wp\/v2\/pages"}],"about":[{"href":"https:\/\/www.esd-sic.nl\/de\/wp-json\/wp\/v2\/types\/page"}],"author":[{"embeddable":true,"href":"https:\/\/www.esd-sic.nl\/de\/wp-json\/wp\/v2\/users\/2"}],"replies":[{"embeddable":true,"href":"https:\/\/www.esd-sic.nl\/de\/wp-json\/wp\/v2\/comments?post=95"}],"version-history":[{"count":3,"href":"https:\/\/www.esd-sic.nl\/de\/wp-json\/wp\/v2\/pages\/95\/revisions"}],"predecessor-version":[{"id":321,"href":"https:\/\/www.esd-sic.nl\/de\/wp-json\/wp\/v2\/pages\/95\/revisions\/321"}],"up":[{"embeddable":true,"href":"https:\/\/www.esd-sic.nl\/de\/wp-json\/wp\/v2\/pages\/93"}],"wp:attachment":[{"href":"https:\/\/www.esd-sic.nl\/de\/wp-json\/wp\/v2\/media?parent=95"}],"curies":[{"name":"wp","href":"https:\/\/api.w.org\/{rel}","templated":true}]}}